{"id":65,"date":"2022-07-21T17:11:20","date_gmt":"2022-07-21T15:11:20","guid":{"rendered":"https:\/\/www.jolly-khorana.82-165-21-128.plesk.page\/?page_id=65"},"modified":"2024-11-11T13:59:35","modified_gmt":"2024-11-11T12:59:35","slug":"impressum","status":"publish","type":"page","link":"https:\/\/www.robert-vermietung.de\/?page_id=65","title":{"rendered":"Impressum"},"content":{"rendered":"<h1>Impressum<\/h1>\n<h2>Angaben gem\u00e4\u00df \u00a7 5 TMG<\/h2>\n<p>Robert Handel und Vermietung GmbH<br \/>\nErich-K\u00e4stner-Stra\u00dfe 29<br \/>\n48485 Neuenkirchen<\/p>\n<p>Handelsregister: HRB 14078<br \/>\nRegistergericht: Amtsgericht Steinfurt<\/p>\n<p><strong>Vertreten durch:<\/strong><br \/>\nCarolin M\u00f6llenbrink<\/p>\n<h2>Kontakt<\/h2>\n<p>Telefon: <strong><br \/>\n<a href=\"tel:+491517218400\">Timo Robert: +49 (0) 151 72 18 4005<\/a><\/strong><br \/>\n<a href=\"tel:+4915120076547\"><strong>Carolin M\u00f6llenbrink:<\/strong> <strong>+49 (0)151 20076547<\/strong><\/a><\/p>\n<p>E-Mail: info@jolly-khorana.82-165-21-128.plesk.page<\/p>\n<h2>Redaktionell verantwortlich<\/h2>\n<p>Carolin M\u00f6llenbrink<br \/>\nErich-K\u00e4stner-Stra\u00dfe 29<br \/>\n48485 Neuenkirchen<\/p>\n<h2>EU-Streitschlichtung<\/h2>\n<p>Die Europ\u00e4ische Kommission stellt eine Plattform zur Online-Streitbeilegung (OS) bereit: <a href=\"https:\/\/ec.europa.eu\/consumers\/odr\/\" target=\"_blank\" rel=\"noopener noreferrer\">https:\/\/ec.europa.eu\/consumers\/odr\/<\/a>.<br \/>\nUnsere E-Mail-Adresse finden Sie oben im Impressum.<\/p>\n<h2>Verbraucher\u00adstreit\u00adbeilegung\/Universal\u00adschlichtungs\u00adstelle<\/h2>\n<p>Wir sind nicht bereit oder verpflichtet, an Streitbeilegungsverfahren vor einer Verbraucherschlichtungsstelle teilzunehmen.<\/p>\n","protected":false},"excerpt":{"rendered":"<p>Impressum Angaben gem\u00e4\u00df \u00a7 5 TMG Robert Handel und Vermietung GmbH Erich-K\u00e4stner-Stra\u00dfe 29 48485 Neuenkirchen Handelsregister: HRB 14078 Registergericht: Amtsgericht Steinfurt Vertreten durch: Carolin M\u00f6llenbrink Kontakt Telefon: Timo Robert: +49 (0) 151 72 18 4005 Carolin M\u00f6llenbrink: +49 (0)151 20076547 E-Mail: info@jolly-khorana.82-165-21-128.plesk.page Redaktionell verantwortlich Carolin M\u00f6llenbrink Erich-K\u00e4stner-Stra\u00dfe 29 48485 Neuenkirchen EU-Streitschlichtung Die Europ\u00e4ische Kommission stellt &hellip;<\/p>\n","protected":false},"author":1,"featured_media":0,"parent":0,"menu_order":30,"comment_status":"closed","ping_status":"closed","template":"page-legals.php","meta":{"footnotes":""},"class_list":["post-65","page","type-page","status-publish","hentry"],"_links":{"self":[{"href":"https:\/\/www.robert-vermietung.de\/index.php?rest_route=\/wp\/v2\/pages\/65","targetHints":{"allow":["GET"]}}],"collection":[{"href":"https:\/\/www.robert-vermietung.de\/index.php?rest_route=\/wp\/v2\/pages"}],"about":[{"href":"https:\/\/www.robert-vermietung.de\/index.php?rest_route=\/wp\/v2\/types\/page"}],"author":[{"embeddable":true,"href":"https:\/\/www.robert-vermietung.de\/index.php?rest_route=\/wp\/v2\/users\/1"}],"replies":[{"embeddable":true,"href":"https:\/\/www.robert-vermietung.de\/index.php?rest_route=%2Fwp%2Fv2%2Fcomments&post=65"}],"version-history":[{"count":10,"href":"https:\/\/www.robert-vermietung.de\/index.php?rest_route=\/wp\/v2\/pages\/65\/revisions"}],"predecessor-version":[{"id":595,"href":"https:\/\/www.robert-vermietung.de\/index.php?rest_route=\/wp\/v2\/pages\/65\/revisions\/595"}],"wp:attachment":[{"href":"https:\/\/www.robert-vermietung.de\/index.php?rest_route=%2Fwp%2Fv2%2Fmedia&parent=65"}],"curies":[{"name":"wp","href":"https:\/\/api.w.org\/{rel}","templated":true}]}}