{"id":635,"date":"2024-11-26T14:56:49","date_gmt":"2024-11-26T13:56:49","guid":{"rendered":"https:\/\/www.jolly-khorana.82-165-21-128.plesk.page\/?page_id=635"},"modified":"2026-04-02T14:34:39","modified_gmt":"2026-04-02T12:34:39","slug":"infos-zu-den-stellplaetzen","status":"publish","type":"page","link":"https:\/\/www.robert-vermietung.de\/?page_id=635","title":{"rendered":"Infos zu den Stellpl\u00e4tzen"},"content":{"rendered":"<p><!--more--><\/p>\n<div style=\"text-align: left;\">\n<h2>Hier finden Sie die Stellplatz-Infos auf einen Blick:<\/h2>\n<ul class=\"checker\">\n<li><strong>\u00dcberdachte Stellpl\u00e4tze:<\/strong> 8m L\u00e4nge, 3m Breite, 5m H\u00f6he<\/li>\n<li><strong>Mindestmietdauer:<\/strong> 12 Monate f\u00fcr Stellpl\u00e4tze, Vertrag verl\u00e4ngert sich automatisch<\/li>\n<\/ul>\n<h2>Preise:<\/h2>\n<ul class=\"checker\">\n<li>Freier Stellplatz: 95\u20ac\/Monatlich inkl. Nebenkosten<\/li>\n<li>\u00dcberdachter Stellplatz: 105\u20ac \/Monatlich inkl. Nebenkosten<\/li>\n<\/ul>\n<p>Bei gewerblicher Anmietung zzgl. 19% MwSt.<\/p>\n<p><a class=\"button\" href=\"\/muenster\/wohnwagen-wohnmobil-anhaengerstellplatz-mieten-in-muenster\/buchung-ihres-stellplatzes-muenster\/\">Zum Buchungsformular<\/a><\/p>\n<\/div>\n","protected":false},"excerpt":{"rendered":"","protected":false},"author":1,"featured_media":0,"parent":623,"menu_order":0,"comment_status":"closed","ping_status":"closed","template":"","meta":{"footnotes":""},"class_list":["post-635","page","type-page","status-publish","hentry"],"_links":{"self":[{"href":"https:\/\/www.robert-vermietung.de\/index.php?rest_route=\/wp\/v2\/pages\/635","targetHints":{"allow":["GET"]}}],"collection":[{"href":"https:\/\/www.robert-vermietung.de\/index.php?rest_route=\/wp\/v2\/pages"}],"about":[{"href":"https:\/\/www.robert-vermietung.de\/index.php?rest_route=\/wp\/v2\/types\/page"}],"author":[{"embeddable":true,"href":"https:\/\/www.robert-vermietung.de\/index.php?rest_route=\/wp\/v2\/users\/1"}],"replies":[{"embeddable":true,"href":"https:\/\/www.robert-vermietung.de\/index.php?rest_route=%2Fwp%2Fv2%2Fcomments&post=635"}],"version-history":[{"count":11,"href":"https:\/\/www.robert-vermietung.de\/index.php?rest_route=\/wp\/v2\/pages\/635\/revisions"}],"predecessor-version":[{"id":687,"href":"https:\/\/www.robert-vermietung.de\/index.php?rest_route=\/wp\/v2\/pages\/635\/revisions\/687"}],"up":[{"embeddable":true,"href":"https:\/\/www.robert-vermietung.de\/index.php?rest_route=\/wp\/v2\/pages\/623"}],"wp:attachment":[{"href":"https:\/\/www.robert-vermietung.de\/index.php?rest_route=%2Fwp%2Fv2%2Fmedia&parent=635"}],"curies":[{"name":"wp","href":"https:\/\/api.w.org\/{rel}","templated":true}]}}