{"id":517,"date":"2024-04-16T12:32:11","date_gmt":"2024-04-16T10:32:11","guid":{"rendered":"https:\/\/www.jolly-khorana.82-165-21-128.plesk.page\/?page_id=517"},"modified":"2024-04-16T12:52:40","modified_gmt":"2024-04-16T10:52:40","slug":"kuendigungsformular","status":"publish","type":"page","link":"https:\/\/www.robert-vermietung.de\/?page_id=517","title":{"rendered":"K\u00fcndigungsformular"},"content":{"rendered":"<p><!--more--><br \/>\n<strong>Wir hoffen, unser Service hat Ihnen gefallen. Kommen Sie gerne wieder!<\/strong> <\/p>\n        <div class=\"wrapper\" id=\"buchung-container\">\n            <div class=\"container-wrapper\">\n                <div class=\"content\">\n                    <div class=\"row\">\n                        <div class=\"col-md-12 col-sm-12 col-xs-12\">\n                            <form method=\"post\" action=\"\" id=\"anfrage-form\">\n                                <div class=\"col-md-12 col-sm-12 col-xs-12\">\n                                    <label for=\"kuendigungmonatsende\">K\u00fcndigungsfrist 14Tage zum Monatsende\/ K\u00fcndigen sie bis zur Mitte des Monats, ist der Auszug zum Monatsende m\u00f6glich.<\/label>\n                                    <input type=\"checkbox\" name=\"kuendigungmonatsende\" id=\"kuendigungmonatsende\" value=\"Mietvertrag k\u00fcndigen\/ K\u00fcndigungsfrist 14 Tage zum Monatsende*\" required> <label for=\"kuendigungmonatsende\">Mietvertrag k\u00fcndigen\/ K\u00fcndigungsfrist 14 Tage zum Monatsende*<\/label>\n                                <\/div>\n\n                                <div class=\"col-md-12 col-sm-12 col-xs-12\">\n                                    <label for=\"containernummer\">Containernummer ihres Containers*<\/label>\n                                    <input type=\"text\" name=\"containernummer\" id=\"containernummer\" value=\"\" required \/>\n                                <\/div>\n\n                                <div class=\"col-md-12 col-sm-12 col-xs-12\">\n                                    <label for=\"containerfrei\">Wann ist der Container wieder frei? Bitte Besenrein \u00fcbergeben.*<\/label>\n                                    <input type=\"date\" name=\"containerfrei\" id=\"containerfrei\" value=\"\" placeholder=\"tt.mm.jjjj\" required \/>\n                                <\/div>\n\n                                <div class=\"col-md-12 col-sm-12 col-xs-12\">\n                                    <label class=\"label\">Bitte nennen Sie uns Ihre Kontaktdaten:<\/label>\n                                    <label for=\"namevorname\">Vor- und Nachname*<\/label>\n                                    <input type=\"text\" name=\"namevorname\" id=\"namevorname\" value=\"\" required \/>\n                                <\/div>\n\n                                <div class=\"col-md-6 col-sm-6 col-xs-12\">\n                                    <label for=\"emailadresse\">E-Mail*<\/label>\n                                    <input type=\"email\" name=\"emailadresse\" id=\"emailadresse\" value=\"\" required \/>\n                                <\/div>\n\n                                <div class=\"col-md-6 col-sm-6 col-xs-12\">\n                                    <label for=\"mobilnummer\">Mobilnummer*<\/label>\n                                    <input type=\"text\" name=\"mobilnummer\" id=\"mobilnummer\" value=\"\" required \/>\n                                <\/div>\n\n                                <div class=\"clear\"><\/div>\n\n                                <div class=\"col-md-12 col-sm-12 col-xs-12\">\n                                    <label for=\"iban\">Bitte teilen sie uns ihre Bankdaten (Kontoinhaber und IBAN) zwecks Kautions\u00fcberweisung mit.*<\/label>\n                                    <input type=\"text\" name=\"iban\" id=\"iban\" value=\"\" required \/>\n                                <\/div>\n\n                                <div class=\"row uhrzeitab\">\n                                    <div class=\"col-md-4 ohnohoney\">\n                                        <label for=\"uhrzeitab\"><\/label>\n                                        <input type=\"text\" name=\"uhrzeitab\" id=\"uhrzeitab\" value=\"\" autocomplete=\"nope\" \/>\n                                    <\/div>\n                                    <div class=\"col-md-4 ohnohoney\">\n                                        <label for=\"email\"><\/label>\n                                        <input type=\"text\" name=\"email\" id=\"email\" value=\"\" autocomplete=\"nope\" \/>\n                                    <\/div>\n                                    <div class=\"col-md-4 ohnohoney\">\n                                        <label for=\"name\"><\/label>\n                                        <input type=\"text\" name=\"name\" id=\"name\" value=\"\" autocomplete=\"nope\" \/>\n                                    <\/div>\n                                <\/div>\n\n                                <div class=\"clear\"><\/div>\n\n                                <div class=\"col-md-12 datenschutz\">\n                                    <label for=\"\" class=\"label\">Datenschutz:*<\/label>\n                                    <input type=\"checkbox\" name=\"datenschutzcheckbox\" id=\"datenschutzcheckbox\" value=\"Ja\" required  >\n                                    <label for=\"datenschutzcheckbox\" class=\"labeltext\">\n                                        Ja, ich habe die <a href=\"\/datenschutzerklaerung\" target=\"_blank\">Datenschutzerkl\u00e4rung<\/a> zur Kenntnis genommen und bin damit einverstanden, dass die von mir angegebenen Daten elektronisch erhoben und gespeichert werden. Meine Daten werden dabei nur streng zweckgebunden zur Bearbeitung und Beantwortung meiner Anfrage benutzt. Mit dem Absenden des Kontaktformulars erkl\u00e4re ich mich mit der Verarbeitung einverstanden. Hinweis: Sie k\u00f6nnen Ihre Einwilligung jederzeit f\u00fcr die Zukunft per Mail an info@robert-vermietung.de widerrufen.                                    <\/label>\n                                <\/div>\n\n                                <div class=\"clear\"><\/div>\n\n                                <div class=\"col-md-12 col-sm-12 col-xs-12\">\n                                    <input type=\"submit\" name=\"senden\" id=\"senden\" value=\"K\u00fcndigungsformular absenden\" \/>\n                                <\/div>\n                                <div class=\"clear\"><\/div>\n                            <\/form>\n                        <\/div>\n                    <\/div>\n                <\/div>\n            <\/div>\n        <\/div>\n\n        \n","protected":false},"excerpt":{"rendered":"","protected":false},"author":1,"featured_media":0,"parent":512,"menu_order":3,"comment_status":"closed","ping_status":"closed","template":"","meta":{"footnotes":""},"class_list":["post-517","page","type-page","status-publish","hentry"],"_links":{"self":[{"href":"https:\/\/www.robert-vermietung.de\/index.php?rest_route=\/wp\/v2\/pages\/517","targetHints":{"allow":["GET"]}}],"collection":[{"href":"https:\/\/www.robert-vermietung.de\/index.php?rest_route=\/wp\/v2\/pages"}],"about":[{"href":"https:\/\/www.robert-vermietung.de\/index.php?rest_route=\/wp\/v2\/types\/page"}],"author":[{"embeddable":true,"href":"https:\/\/www.robert-vermietung.de\/index.php?rest_route=\/wp\/v2\/users\/1"}],"replies":[{"embeddable":true,"href":"https:\/\/www.robert-vermietung.de\/index.php?rest_route=%2Fwp%2Fv2%2Fcomments&post=517"}],"version-history":[{"count":1,"href":"https:\/\/www.robert-vermietung.de\/index.php?rest_route=\/wp\/v2\/pages\/517\/revisions"}],"predecessor-version":[{"id":531,"href":"https:\/\/www.robert-vermietung.de\/index.php?rest_route=\/wp\/v2\/pages\/517\/revisions\/531"}],"up":[{"embeddable":true,"href":"https:\/\/www.robert-vermietung.de\/index.php?rest_route=\/wp\/v2\/pages\/512"}],"wp:attachment":[{"href":"https:\/\/www.robert-vermietung.de\/index.php?rest_route=%2Fwp%2Fv2%2Fmedia&parent=517"}],"curies":[{"name":"wp","href":"https:\/\/api.w.org\/{rel}","templated":true}]}}