{"id":510,"date":"2024-04-16T12:23:38","date_gmt":"2024-04-16T10:23:38","guid":{"rendered":"https:\/\/www.jolly-khorana.82-165-21-128.plesk.page\/?page_id=510"},"modified":"2024-11-27T10:05:54","modified_gmt":"2024-11-27T09:05:54","slug":"muenster","status":"publish","type":"page","link":"https:\/\/www.robert-vermietung.de\/?page_id=510","title":{"rendered":"M\u00fcnster"},"content":{"rendered":"<p>&#8211; Lagercontainer mieten<br \/>\n&#8211; Stellpl\u00e4tze mieten<\/p>\n<p>L\u00fctkenbecker Weg 8<br \/>\n48155 M\u00fcnster<\/p>\n<p><!--more--><\/p>\n","protected":false},"excerpt":{"rendered":"<p>&#8211; Lagercontainer mieten &#8211; Stellpl\u00e4tze mieten L\u00fctkenbecker Weg 8 48155 M\u00fcnster<\/p>\n","protected":false},"author":1,"featured_media":542,"parent":0,"menu_order":21,"comment_status":"closed","ping_status":"closed","template":"page-standort.php","meta":{"footnotes":""},"class_list":["post-510","page","type-page","status-publish","has-post-thumbnail","hentry"],"_links":{"self":[{"href":"https:\/\/www.robert-vermietung.de\/index.php?rest_route=\/wp\/v2\/pages\/510","targetHints":{"allow":["GET"]}}],"collection":[{"href":"https:\/\/www.robert-vermietung.de\/index.php?rest_route=\/wp\/v2\/pages"}],"about":[{"href":"https:\/\/www.robert-vermietung.de\/index.php?rest_route=\/wp\/v2\/types\/page"}],"author":[{"embeddable":true,"href":"https:\/\/www.robert-vermietung.de\/index.php?rest_route=\/wp\/v2\/users\/1"}],"replies":[{"embeddable":true,"href":"https:\/\/www.robert-vermietung.de\/index.php?rest_route=%2Fwp%2Fv2%2Fcomments&post=510"}],"version-history":[{"count":4,"href":"https:\/\/www.robert-vermietung.de\/index.php?rest_route=\/wp\/v2\/pages\/510\/revisions"}],"predecessor-version":[{"id":644,"href":"https:\/\/www.robert-vermietung.de\/index.php?rest_route=\/wp\/v2\/pages\/510\/revisions\/644"}],"wp:featuredmedia":[{"embeddable":true,"href":"https:\/\/www.robert-vermietung.de\/index.php?rest_route=\/wp\/v2\/media\/542"}],"wp:attachment":[{"href":"https:\/\/www.robert-vermietung.de\/index.php?rest_route=%2Fwp%2Fv2%2Fmedia&parent=510"}],"curies":[{"name":"wp","href":"https:\/\/api.w.org\/{rel}","templated":true}]}}