{"id":362,"date":"2023-04-13T11:56:56","date_gmt":"2023-04-13T09:56:56","guid":{"rendered":"https:\/\/www.jolly-khorana.82-165-21-128.plesk.page\/?page_id=362"},"modified":"2023-04-13T14:07:52","modified_gmt":"2023-04-13T12:07:52","slug":"container-verkaufen","status":"publish","type":"page","link":"https:\/\/www.robert-vermietung.de\/?page_id=362","title":{"rendered":"Container verkaufen"},"content":{"rendered":"<p>&#8211; Faire &#038; markt\u00fcbliche Preise<br \/>\n&#8211; Zuverl\u00e4ssige &#038; sichere Abwicklung<br \/>\n&#8211; Inklusive Verladung &#038; Transport<br \/>\n<!--more--><\/p>\n<p>Als Anbieter f\u00fcr den Ankauf von Containern bieten wir Ihnen die M\u00f6glichkeit, Ihren Container schnell und unkompliziert zu verkaufen. Wir haben uns auf den Ankauf von Containern in verschiedenen Gr\u00f6\u00dfen und Ausf\u00fchrungen spezialisiert und k\u00f6nnen Ihnen deshalb ein faires Angebot f\u00fcr Ihren Container unterbreiten.<\/p>\n<p>Unsere Experten bewerten den Wert Ihres Containers auf Basis verschiedener Faktoren wie dem Alter, dem Zustand und der Gr\u00f6\u00dfe. Aufgrund unserer Erfahrung k\u00f6nnen Sie sich darauf verlassen, dass wir Ihnen einen fairen Preis f\u00fcr Ihren Container bieten.<\/p>\n<p>Wenn Sie uns Ihren Container verkaufen, m\u00fcssen Sie sich keine Gedanken dar\u00fcber machen, wie Sie ihn transportieren oder an einen K\u00e4ufer verkaufen k\u00f6nnen. Wir k\u00fcmmern uns um alles f\u00fcr Sie, von der Abholung des Containers bis hin zur Zahlung des Kaufpreises.<\/p>\n<p>Dank unserer schnellen und unkomplizierten Abwicklung k\u00f6nnen Sie den Verkauf Ihres Containers innerhalb k\u00fcrzester Zeit abschlie\u00dfen und sich \u00fcber den erzielten Verkaufspreis freuen. Kontaktieren Sie uns noch heute und lassen Sie uns Ihnen ein Angebot f\u00fcr den Ankauf Ihres Containers unterbreiten.<\/p>\n<h2>Ihre Vorteile auf einen Blick:<\/h2>\n<ol>\n<li><strong>Faires Angebot:<\/strong> Wir sind Experten auf dem Gebiet und k\u00f6nnen den Wert des Containers genau einsch\u00e4tzen. Unsere Kunden k\u00f6nnen sich darauf verlassen, dass wir ein faires Angebot f\u00fcr ihren Container unterbreiten.<\/li>\n<li><strong>Unkomplizierte Abwicklung:<\/strong> Wir \u00fcbernehmen alle Schritte von der Abholung des Containers bis hin zur Zahlung des Kaufpreises. Unsere Kunden m\u00fcssen sich keine Gedanken dar\u00fcber machen, wie sie den Container transportieren oder an einen K\u00e4ufer verkaufen k\u00f6nnen.<\/li>\n<li><strong>Zeitersparnis:<\/strong> Der Verkauf an uns spart Zeit und M\u00fche, da unsere Kunden sich nicht um die Suche nach einem K\u00e4ufer oder den Transport des Containers k\u00fcmmern m\u00fcssen.<\/li>\n<li><strong>Professionelle Bewertung:<\/strong> Unsere Experten bewerten den Zustand des Containers professionell, was dazu beitr\u00e4gt, dass unsere Kunden den bestm\u00f6glichen Preis f\u00fcr ihren Container erhalten.<\/li>\n<li><strong>Sicherheit:<\/strong> Der Verkauf an uns bietet ein hohes Ma\u00df an Sicherheit, da unsere Kunden sich nicht um Betrug oder Unregelm\u00e4\u00dfigkeiten sorgen m\u00fcssen, die m\u00f6glicherweise bei anderen Verkaufsmethoden auftreten k\u00f6nnen.<\/li>\n<li><strong>Flexibilit\u00e4t:<\/strong> Wir kaufen Container in verschiedenen Gr\u00f6\u00dfen und Ausf\u00fchrungen an, was es unseren Kunden erm\u00f6glicht, auch ungew\u00f6hnliche Container loszuwerden.<\/li>\n<li><strong>Nachhaltigkeit:<\/strong> Wir achten darauf, Container nachhaltig zu recyceln oder wiederzuverwenden, anstatt sie einfach wegzuwerfen. Der Verkauf an uns kann dazu beitragen, die Umwelt zu schonen und Ressourcen zu sparen.<\/li>\n<\/ol>\n<p><a class=\"button\" style=\"margin-left: 0;\" href=\"https:\/\/www.jolly-khorana.82-165-21-128.plesk.page\/kontakt\/\" target=\"_blank\" rel=\"noopener\">Kontaktieren Sie uns gerne!<\/a><\/p>\n","protected":false},"excerpt":{"rendered":"<p>&#8211; Faire &#038; markt\u00fcbliche Preise &#8211; Zuverl\u00e4ssige &#038; sichere Abwicklung &#8211; Inklusive Verladung &#038; Transport<\/p>\n","protected":false},"author":1,"featured_media":365,"parent":340,"menu_order":7,"comment_status":"closed","ping_status":"closed","template":"page-subpages.php","meta":{"footnotes":""},"class_list":["post-362","page","type-page","status-publish","has-post-thumbnail","hentry"],"_links":{"self":[{"href":"https:\/\/www.robert-vermietung.de\/index.php?rest_route=\/wp\/v2\/pages\/362","targetHints":{"allow":["GET"]}}],"collection":[{"href":"https:\/\/www.robert-vermietung.de\/index.php?rest_route=\/wp\/v2\/pages"}],"about":[{"href":"https:\/\/www.robert-vermietung.de\/index.php?rest_route=\/wp\/v2\/types\/page"}],"author":[{"embeddable":true,"href":"https:\/\/www.robert-vermietung.de\/index.php?rest_route=\/wp\/v2\/users\/1"}],"replies":[{"embeddable":true,"href":"https:\/\/www.robert-vermietung.de\/index.php?rest_route=%2Fwp%2Fv2%2Fcomments&post=362"}],"version-history":[{"count":5,"href":"https:\/\/www.robert-vermietung.de\/index.php?rest_route=\/wp\/v2\/pages\/362\/revisions"}],"predecessor-version":[{"id":378,"href":"https:\/\/www.robert-vermietung.de\/index.php?rest_route=\/wp\/v2\/pages\/362\/revisions\/378"}],"up":[{"embeddable":true,"href":"https:\/\/www.robert-vermietung.de\/index.php?rest_route=\/wp\/v2\/pages\/340"}],"wp:featuredmedia":[{"embeddable":true,"href":"https:\/\/www.robert-vermietung.de\/index.php?rest_route=\/wp\/v2\/media\/365"}],"wp:attachment":[{"href":"https:\/\/www.robert-vermietung.de\/index.php?rest_route=%2Fwp%2Fv2%2Fmedia&parent=362"}],"curies":[{"name":"wp","href":"https:\/\/api.w.org\/{rel}","templated":true}]}}