{"id":208,"date":"2022-07-27T13:34:41","date_gmt":"2022-07-27T11:34:41","guid":{"rendered":"https:\/\/www.jolly-khorana.82-165-21-128.plesk.page\/?page_id=208"},"modified":"2024-11-11T16:40:22","modified_gmt":"2024-11-11T15:40:22","slug":"infos-zu-den-stellplaetzen","status":"publish","type":"page","link":"https:\/\/www.robert-vermietung.de\/?page_id=208","title":{"rendered":"Infos zu den Stellpl\u00e4tzen"},"content":{"rendered":"<p><!--more--><\/p>\n<div style=\"text-align: left;\">\n<h2>Hier finden Sie die Stellplatz-Infos auf einen Blick:<\/h2>\n<ul class=\"checker\">\n<li>\u00dcberdachte Stellpl\u00e4tze: 8m x 2,97m, davon sind 6,05m x 2,97m \u00fcberdacht.<\/li>\n<li>\u00dcberdachung: Plane 610 gr\/m2, \u00dcberdachter Stellplatz zus\u00e4tzlich mit kippbaren und abschlie\u00dfbaren Sperrpfosten gesichert.<\/li>\n<li>Mindestmietdauer: 12 Monate f\u00fcr \u00fcberdachte Stellpl\u00e4tze, 1 Monat f\u00fcr freie Stellpl\u00e4tze, Vertrag verl\u00e4ngert sich automatisch<\/li>\n<li>Zus\u00e4tzlich stellen wir 2000m2 gepflasterte freie Stellpl\u00e4tze zur Verf\u00fcgung.<br \/>\nDiese Stellpl\u00e4tze werden bei Bedarf markiert und haben somit eine variable Gr\u00f6\u00dfe (2 \u2013 15 m l\u00e4nge, je nach Bedarf)<\/li>\n<\/ul>\n<h2>Preise:<\/h2>\n<ul class=\"checker\">\n<li>\u00dcberdachter Platz: 65\u20ac<\/li>\n<li>Freier Platz: 40\u20ac (bis zu einer L\u00e4nge von 9m, alles dar\u00fcber hinaus nach Vereinbarung)<\/li>\n<\/ul>\n<p><a class=\"button\" href=\"\/wohnmobilstellplatz-mieten\/buchung-ihres-stellplatzes\/\">Zum Buchungsformular<\/a><\/p>\n<\/div>\n","protected":false},"excerpt":{"rendered":"","protected":false},"author":1,"featured_media":0,"parent":13,"menu_order":8,"comment_status":"closed","ping_status":"closed","template":"","meta":{"footnotes":""},"class_list":["post-208","page","type-page","status-publish","hentry"],"_links":{"self":[{"href":"https:\/\/www.robert-vermietung.de\/index.php?rest_route=\/wp\/v2\/pages\/208","targetHints":{"allow":["GET"]}}],"collection":[{"href":"https:\/\/www.robert-vermietung.de\/index.php?rest_route=\/wp\/v2\/pages"}],"about":[{"href":"https:\/\/www.robert-vermietung.de\/index.php?rest_route=\/wp\/v2\/types\/page"}],"author":[{"embeddable":true,"href":"https:\/\/www.robert-vermietung.de\/index.php?rest_route=\/wp\/v2\/users\/1"}],"replies":[{"embeddable":true,"href":"https:\/\/www.robert-vermietung.de\/index.php?rest_route=%2Fwp%2Fv2%2Fcomments&post=208"}],"version-history":[{"count":7,"href":"https:\/\/www.robert-vermietung.de\/index.php?rest_route=\/wp\/v2\/pages\/208\/revisions"}],"predecessor-version":[{"id":598,"href":"https:\/\/www.robert-vermietung.de\/index.php?rest_route=\/wp\/v2\/pages\/208\/revisions\/598"}],"up":[{"embeddable":true,"href":"https:\/\/www.robert-vermietung.de\/index.php?rest_route=\/wp\/v2\/pages\/13"}],"wp:attachment":[{"href":"https:\/\/www.robert-vermietung.de\/index.php?rest_route=%2Fwp%2Fv2%2Fmedia&parent=208"}],"curies":[{"name":"wp","href":"https:\/\/api.w.org\/{rel}","templated":true}]}}