{"id":199,"date":"2022-07-27T13:19:18","date_gmt":"2022-07-27T11:19:18","guid":{"rendered":"https:\/\/www.jolly-khorana.82-165-21-128.plesk.page\/?page_id=199"},"modified":"2023-04-12T11:54:46","modified_gmt":"2023-04-12T09:54:46","slug":"buchung-ihres-stellplatzes","status":"publish","type":"page","link":"https:\/\/www.robert-vermietung.de\/?page_id=199","title":{"rendered":"Buchung Ihres Stellplatzes (Sch\u00fcttorf)"},"content":{"rendered":"<p><!--more--><br \/>\n<strong>Buchen Sie hier in nur zwei Schritten Ihren Stellplatz<\/strong> \u2013 ganz einfach und unkompliziert.<br \/>\nNach Erhalt des Buchungsformulars und Einrichtung der Zahlung erhalten Sie von uns eine Buchungsbest\u00e4tigung und wir melden uns bei Ihnen zwecks weiterer Absprache.<br \/>\n&nbsp;<\/p>\n<h2 class=\"h1\">Buchungsformular ausf\u00fcllen<\/h2>\n        <div class=\"wrapper\" id=\"buchung-stellplatz\">\n            <div class=\"stellplatz-wrapper\">\n                <div class=\"content\">\n                    <div class=\"row\">\n                        <div class=\"col-md-12 col-sm-12 col-xs-12\">\n                            <form method=\"post\" action=\"\" id=\"anfrage-form\">\n                                <div class=\"col-md-12 col-sm-12 col-xs-12\">\n                                    <label for=\"standort\" class=\"label\">Standort w\u00e4hlen*<\/label>\n                                    <select name=\"standort\" id=\"standort\" required>\n                                        <option value=\"\">Bitte w\u00e4hlen<\/option>\n                                        <option value=\"Sch\u00fcttorf\">Sch\u00fcttorf<\/option>\n                                        <option value=\"M\u00fcnster\">M\u00fcnster<\/option>\n                                    <\/select>\n                                <\/div>\n\n                                <div class=\"col-md-12 col-sm-12 col-xs-12\">\n                                    <label for=\"stellplatzfuer\" class=\"label\">Wof\u00fcr benotigen Sie einen Stellplatz?*<\/label>\n                                    <select name=\"stellplatzfuer\" id=\"stellplatzfuer\" required>\n                                        <option value=\"\">Bitte w\u00e4hlen<\/option>\n                                        <option value=\"Wohnmobil\">Wohnmobil<\/option>\n                                        <option value=\"Wohnwagen\">Wohnwagen<\/option>\n                                        <option value=\"Anh\u00e4nger\">Anh\u00e4nger<\/option>\n                                    <\/select>\n                                <\/div>\n\n                                <div class=\"col-md-12 col-sm-12 col-xs-12\">\n                                    <label class=\"label\">Wahl des Platzes*<\/label>\n                                    <label for=\"ueberdacht1\"><input type=\"radio\" name=\"ueberdacht\" id=\"ueberdacht1\" value=\"\u00dcberdachter Platz\" checked required> \u00dcberdachter Platz<\/label>\n                                    <div class=\"clear\"><\/div>\n                                    <label for=\"ueberdacht2\"><input type=\"radio\" name=\"ueberdacht\" id=\"ueberdacht2\" value=\"Freier Platz\" required> Freier Platz<\/label>\n                                    <div class=\"clear\"><\/div>\n                                <\/div>\n\n                                <div class=\"col-md-12 col-sm-12 col-xs-12\">\n                                    <label class=\"label\">Gewerblich oder privat mieten?*<\/label>\n                                    <label for=\"gewerblichprivat1\"><input type=\"radio\" name=\"gewerblichprivat\" id=\"gewerblichprivat1\" value=\"Ich bin eine Privatperson\" checked required> Ich bin eine Privatperson<\/label>\n                                    <div class=\"clear\"><\/div>\n                                    <label for=\"gewerblichprivat2\"><input type=\"radio\" name=\"gewerblichprivat\" id=\"gewerblichprivat2\" value=\"Ich m\u00f6chte f\u00fcr eine Firma mieten \/ Sie erhalten eine Dauerrechnung\"> Ich m\u00f6chte f\u00fcr eine Firma mieten \/ Sie erhalten eine Dauerrechnung<\/label>\n                                    <div class=\"clear\"><\/div>\n                                <\/div>\n\n                                <div class=\"col-md-12 col-sm-12 col-xs-12\">\n                                    <label class=\"label\">Eine Kaution von 100\u20ac muss vor dem Einzug hinterlegt werden.*<\/label>\n                                    <label for=\"kaution\"><input type=\"checkbox\" name=\"kaution\" id=\"kaution\" value=\"Ich bin einverstanden\" required> Ich bin einverstanden<\/label>\n                                    <div class=\"clear\"><\/div>\n                                <\/div>\n\n                                <div class=\"col-md-12 col-sm-12 col-xs-12\">\n                                    <label class=\"label\">Bitte nennen Sie uns Ihre Kontaktdaten:<\/label>\n                                    <label for=\"namevorname\">Vor- und Nachname*<\/label>\n                                    <input type=\"text\" name=\"namevorname\" id=\"namevorname\" value=\"\" required \/>\n                                <\/div>\n\n                                <div class=\"col-md-6 col-sm-6 col-xs-12\">\n                                    <label for=\"strassehausnummer\">Stra\u00dfe und Hausnummer*<\/label>\n                                    <input type=\"text\" name=\"strassehausnummer\" id=\"strassehausnummer\" value=\"\" required \/>\n                                <\/div>\n\n                                <div class=\"col-md-6 col-sm-6 col-xs-12\">\n                                    <label for=\"ortplz\">Ort und PLZ*<\/label>\n                                    <input type=\"text\" name=\"ortplz\" id=\"ortplz\" value=\"\" required \/>\n                                <\/div>\n\n                                <div class=\"col-md-6 col-sm-6 col-xs-12\">\n                                    <label for=\"emailadresse\">E-Mail*<\/label>\n                                    <input type=\"email\" name=\"emailadresse\" id=\"emailadresse\" value=\"\" required \/>\n                                <\/div>\n\n                                <div class=\"col-md-6 col-sm-6 col-xs-12\">\n                                    <label for=\"mobilnummer\">Mobilnummer*<\/label>\n                                    <input type=\"text\" name=\"mobilnummer\" id=\"mobilnummer\" value=\"\" required \/>\n                                <\/div>\n\n                                <div class=\"clear\"><\/div>\n\n                                <div class=\"col-md-12 col-sm-12 col-xs-12\">\n                                    <label class=\"label\">Angaben zur Miete:<\/label>\n                                <\/div>\n\n                                <div class=\"col-md-6 col-sm-6 col-xs-12\">\n                                    <label for=\"startdatum\">Wann m\u00f6chten Sie starten?*<\/label>\n                                    <input type=\"date\" name=\"startdatum\" id=\"startdatum\" value=\"\" placeholder=\"tt.mm.jjjj\" required \/>\n                                <\/div>\n\n                                <div class=\"col-md-6 col-sm-6 col-xs-12\">\n                                    <label for=\"mietdauer\">Voraussichtliche Mietdauer\/ stand jetzt.*<\/label>\n                                    <input type=\"text\" name=\"mietdauer\" id=\"mietdauer\" value=\"\" required \/>\n                                <\/div>\n\n                                <div class=\"clear\"><\/div>\n\n                                <div class=\"col-md-12 col-sm-12 col-xs-12\">\n                                    <label class=\"label\">Mietbedingungen*<\/label>\n\n                                    <label class=\"\">Bitte legen sie beim Einzug einen Personalausweis vor.*<\/label>\n                                    <label for=\"mietbedingungen4\"><input type=\"checkbox\" name=\"mietbedingungen4\" id=\"mietbedingungen4\" value=\"Bringe ich mit.\" required> Bringe ich mit.<\/label>\n                                    <div class=\"clear\"><\/div>\n                                <\/div>\n\n                                <div class=\"col-md-12 col-sm-12 col-xs-12\">\n                                    <label class=\"\">Bitte verwenden sie zur Kontaktaufnahme ausschlie\u00dflich info@robert-vermietung.de*<\/label>\n                                    <label for=\"mietbedingungen5\"><input type=\"checkbox\" name=\"mietbedingungen5\" id=\"mietbedingungen5\" value=\"Alles klar.\" required> Alles klar.<\/label>\n                                    <div class=\"clear\"><\/div>\n                                <\/div>\n\n                                <div class=\"row uhrzeitab\">\n                                    <div class=\"col-md-4 ohnohoney\">\n                                        <label for=\"uhrzeitab\"><\/label>\n                                        <input type=\"text\" name=\"uhrzeitab\" id=\"uhrzeitab\" value=\"\" autocomplete=\"nope\" \/>\n                                    <\/div>\n                                    <div class=\"col-md-4 ohnohoney\">\n                                        <label for=\"email\"><\/label>\n                                        <input type=\"text\" name=\"email\" id=\"email\" value=\"\" autocomplete=\"nope\" \/>\n                                    <\/div>\n                                    <div class=\"col-md-4 ohnohoney\">\n                                        <label for=\"name\"><\/label>\n                                        <input type=\"text\" name=\"name\" id=\"name\" value=\"\" autocomplete=\"nope\" \/>\n                                    <\/div>\n                                <\/div>\n\n                                <div class=\"clear\"><\/div>\n\n                                <div class=\"col-md-12 datenschutz\">\n                                    <label for=\"\" class=\"label\">Datenschutz:*<\/label>\n                                    <label for=\"datenschutzcheckbox\" class=\"labeltext\">\n                                        <input type=\"checkbox\" name=\"datenschutzcheckbox\" id=\"datenschutzcheckbox\" value=\"Ja\" required  >\n\n                                        Ja, ich habe die <a href=\"\/datenschutzerklaerung\" target=\"_blank\">Datenschutzerkl\u00e4rung<\/a> zur Kenntnis genommen und bin damit einverstanden, dass die von mir angegebenen Daten elektronisch erhoben und gespeichert werden. Meine Daten werden dabei nur streng zweckgebunden zur Bearbeitung und Beantwortung meiner Anfrage benutzt. Mit dem Absenden des Kontaktformulars erkl\u00e4re ich mich mit der Verarbeitung einverstanden. Hinweis: Sie k\u00f6nnen Ihre Einwilligung jederzeit f\u00fcr die Zukunft per Mail an info@robert-vermietung.de widerrufen.                                    <\/label>\n                                <\/div>\n\n                                <div class=\"clear\"><\/div>\n\n                                <div class=\"col-md-12 col-sm-12 col-xs-12\">\n                                    <input type=\"submit\" name=\"senden\" id=\"senden\" value=\"Buchungsformular absenden\" \/>\n                                <\/div>\n                                <div class=\"clear\"><\/div>\n                            <\/form>\n                        <\/div>\n                    <\/div>\n                <\/div>\n            <\/div>\n        <\/div>\n\n            <script>\n                document.addEventListener('DOMContentLoaded', function () {\n                    const standortSelect = document.getElementById('standort');\n                    const ueberdacht1 = document.getElementById('ueberdacht1');\n                    const ueberdacht2 = document.getElementById('ueberdacht2');\n\n                    standortSelect.addEventListener('change', function () {\n                        const selectedValue = standortSelect.value;\n\n                        if (selectedValue === 'M\u00fcnster') {\n                            \/\/ \u00dcberdacht2 ausblenden und \u00dcberdacht1 ausw\u00e4hlen\n                            ueberdacht2.closest('label').style.display = 'none';\n                            ueberdacht1.checked = true;\n                        } else if (selectedValue === 'Sch\u00fcttorf') {\n                            \/\/ \u00dcberdacht1 und \u00dcberdacht2 zur\u00fccksetzen\n                            ueberdacht2.closest('label').style.display = '';\n                            ueberdacht1.checked = false;\n                            ueberdacht2.checked = false;\n                        }\n                    });\n                });\n            <\/script>\n\n\n        \n","protected":false},"excerpt":{"rendered":"","protected":false},"author":1,"featured_media":0,"parent":13,"menu_order":9,"comment_status":"closed","ping_status":"closed","template":"","meta":{"footnotes":""},"class_list":["post-199","page","type-page","status-publish","hentry"],"_links":{"self":[{"href":"https:\/\/www.robert-vermietung.de\/index.php?rest_route=\/wp\/v2\/pages\/199","targetHints":{"allow":["GET"]}}],"collection":[{"href":"https:\/\/www.robert-vermietung.de\/index.php?rest_route=\/wp\/v2\/pages"}],"about":[{"href":"https:\/\/www.robert-vermietung.de\/index.php?rest_route=\/wp\/v2\/types\/page"}],"author":[{"embeddable":true,"href":"https:\/\/www.robert-vermietung.de\/index.php?rest_route=\/wp\/v2\/users\/1"}],"replies":[{"embeddable":true,"href":"https:\/\/www.robert-vermietung.de\/index.php?rest_route=%2Fwp%2Fv2%2Fcomments&post=199"}],"version-history":[{"count":8,"href":"https:\/\/www.robert-vermietung.de\/index.php?rest_route=\/wp\/v2\/pages\/199\/revisions"}],"predecessor-version":[{"id":327,"href":"https:\/\/www.robert-vermietung.de\/index.php?rest_route=\/wp\/v2\/pages\/199\/revisions\/327"}],"up":[{"embeddable":true,"href":"https:\/\/www.robert-vermietung.de\/index.php?rest_route=\/wp\/v2\/pages\/13"}],"wp:attachment":[{"href":"https:\/\/www.robert-vermietung.de\/index.php?rest_route=%2Fwp%2Fv2%2Fmedia&parent=199"}],"curies":[{"name":"wp","href":"https:\/\/api.w.org\/{rel}","templated":true}]}}